{"id":2121,"date":"2025-11-30T15:44:01","date_gmt":"2025-11-30T14:44:01","guid":{"rendered":"https:\/\/paraglidingcorner.com\/?post_type=product&#038;p=2121"},"modified":"2025-11-30T17:57:09","modified_gmt":"2025-11-30T16:57:09","slug":"termika-w-zenicie","status":"publish","type":"product","link":"https:\/\/paraglidingcorner.com\/en\/product\/termika-w-zenicie\/","title":{"rendered":"Termika w zenicie"},"content":{"rendered":"<p><i>Z<\/i>apach rado\u015bci, kt\u00f3r\u0105 czujesz kiedy znalaz\u0142e\u015b centro komina. <em>Termika w zenicie <\/em>jest idealna, kiedy chcesz do\u0142adowa\u0107 si\u0119 energi\u0105,<\/p>\n<p>&nbsp;<\/p>\n<ul>\n<li>Kompozycja zapachowa \u0142\u0105czy w sobie ostro\u015b\u0107 r\u00f3\u017cowego pieprzu, soczysto\u015b\u0107 grejpfruta oraz ciep\u0142o i g\u0142\u0119bi\u0119 drzewa cedrowego.<\/li>\n<li>\u015awieca wykonana r\u0119cznie w Polsce, z ekologicznego wosku sojowego<\/li>\n<li>Pojemno\u015b\u0107 180 ml zapewnia oko\u0142o 30 godzin palenia<\/li>\n<li>Pojemnik z br\u0105zowego szk\u0142a oraz zakr\u0119tka z aluminium<\/li>\n<li>Knot zosta\u0142 wykonany z ekologicznej bawe\u0142ny oraz papierowej nitki, zapewniaj\u0105c czyste i r\u00f3wnomierne spalanie \u015bwiecy<\/li>\n<\/ul>\n<p>&nbsp;<\/p>","protected":false},"excerpt":{"rendered":"<p>R\u0119cznie robiona \u015bwieca, kt\u00f3ra przypomina rado\u015b\u0107 z wykr\u0119cenia idealnego komina. Zapach pe\u0142en energii i lekko\u015bci, kt\u00f3ry dodaje skrzyde\u0142 nawet na ziemi<\/p>","protected":false},"featured_media":0,"comment_status":"closed","ping_status":"closed","template":"","meta":{"site-sidebar-layout":"default","site-content-layout":"","ast-site-content-layout":"default","site-content-style":"default","site-sidebar-style":"default","ast-global-header-display":"","ast-banner-title-visibility":"","ast-main-header-display":"","ast-hfb-above-header-display":"","ast-hfb-below-header-display":"","ast-hfb-mobile-header-display":"","site-post-title":"","ast-breadcrumbs-content":"","ast-featured-img":"","footer-sml-layout":"","theme-transparent-header-meta":"default","adv-header-id-meta":"","stick-header-meta":"","header-above-stick-meta":"","header-main-stick-meta":"","header-below-stick-meta":"","astra-migrate-meta-layouts":"set","ast-page-background-enabled":"default","ast-page-background-meta":{"desktop":{"background-color":"var(--ast-global-color-4)","background-image":"","background-repeat":"repeat","background-position":"center center","background-size":"auto","background-attachment":"scroll","background-type":"","background-media":"","overlay-type":"","overlay-color":"","overlay-opacity":"","overlay-gradient":""},"tablet":{"background-color":"","background-image":"","background-repeat":"repeat","background-position":"center center","background-size":"auto","background-attachment":"scroll","background-type":"","background-media":"","overlay-type":"","overlay-color":"","overlay-opacity":"","overlay-gradient":""},"mobile":{"background-color":"","background-image":"","background-repeat":"repeat","background-position":"center center","background-size":"auto","background-attachment":"scroll","background-type":"","background-media":"","overlay-type":"","overlay-color":"","overlay-opacity":"","overlay-gradient":""}},"ast-content-background-meta":{"desktop":{"background-color":"var(--ast-global-color-5)","background-image":"","background-repeat":"repeat","background-position":"center center","background-size":"auto","background-attachment":"scroll","background-type":"","background-media":"","overlay-type":"","overlay-color":"","overlay-opacity":"","overlay-gradient":""},"tablet":{"background-color":"var(--ast-global-color-5)","background-image":"","background-repeat":"repeat","background-position":"center center","background-size":"auto","background-attachment":"scroll","background-type":"","background-media":"","overlay-type":"","overlay-color":"","overlay-opacity":"","overlay-gradient":""},"mobile":{"background-color":"var(--ast-global-color-5)","background-image":"","background-repeat":"repeat","background-position":"center center","background-size":"auto","background-attachment":"scroll","background-type":"","background-media":"","overlay-type":"","overlay-color":"","overlay-opacity":"","overlay-gradient":""}}},"product_brand":[],"product_cat":[40],"product_tag":[],"class_list":{"0":"post-2121","1":"product","2":"type-product","3":"status-publish","5":"product_cat-swiece","6":"desktop-align-left","7":"tablet-align-left","8":"mobile-align-left","10":"first","11":"instock","12":"shipping-taxable","13":"purchasable","14":"product-type-simple"},"jetpack_sharing_enabled":true,"_links":{"self":[{"href":"https:\/\/paraglidingcorner.com\/en\/wp-json\/wp\/v2\/product\/2121","targetHints":{"allow":["GET"]}}],"collection":[{"href":"https:\/\/paraglidingcorner.com\/en\/wp-json\/wp\/v2\/product"}],"about":[{"href":"https:\/\/paraglidingcorner.com\/en\/wp-json\/wp\/v2\/types\/product"}],"replies":[{"embeddable":true,"href":"https:\/\/paraglidingcorner.com\/en\/wp-json\/wp\/v2\/comments?post=2121"}],"wp:attachment":[{"href":"https:\/\/paraglidingcorner.com\/en\/wp-json\/wp\/v2\/media?parent=2121"}],"wp:term":[{"taxonomy":"product_brand","embeddable":true,"href":"https:\/\/paraglidingcorner.com\/en\/wp-json\/wp\/v2\/product_brand?post=2121"},{"taxonomy":"product_cat","embeddable":true,"href":"https:\/\/paraglidingcorner.com\/en\/wp-json\/wp\/v2\/product_cat?post=2121"},{"taxonomy":"product_tag","embeddable":true,"href":"https:\/\/paraglidingcorner.com\/en\/wp-json\/wp\/v2\/product_tag?post=2121"}],"curies":[{"name":"wp","href":"https:\/\/api.w.org\/{rel}","templated":true}]}}