{"id":2117,"date":"2025-11-30T15:24:32","date_gmt":"2025-11-30T14:24:32","guid":{"rendered":"https:\/\/paraglidingcorner.com\/?post_type=product&#038;p=2117"},"modified":"2025-11-30T16:50:02","modified_gmt":"2025-11-30T15:50:02","slug":"swieca-sojowa-wieczorny-zagiel","status":"publish","type":"product","link":"https:\/\/paraglidingcorner.com\/en\/product\/swieca-sojowa-wieczorny-zagiel\/","title":{"rendered":"Wieczorny \u017bagiel"},"content":{"rendered":"<p><i>Z<\/i>apach spokojnych ko\u0144c\u00f3wek dnia, idealny na momenty wyciszenia, refleksji i cichej rado\u015bci z udanych lot\u00f3w oraz drobnych przyjemno\u015bci minionego dnia. <em>Wieczorny \u017bagiel<\/em> pozwala na chwil\u0119 oderwania od codzienno\u015bci i przeniesienie si\u0119 w atmosfer\u0119 lekkiego wiatru na twarzy, mi\u0119kkiego \u015bwiat\u0142a wieczornych lot\u00f3w i wewn\u0119trznej harmonii.<\/p>\n<p>&nbsp;<\/p>\n<ul>\n<li>Kompozycja zapachowa \u0142\u0105czy w sobie delikatno\u015b\u0107 piwonii, \u015bwie\u017co\u015b\u0107 bawe\u0142ny oraz subteln\u0105 s\u0142odycz czarnej porzeczki.<\/li>\n<li>\u015awieca wykonana r\u0119cznie w Polsce, z ekologicznego wosku sojowego<\/li>\n<li>Pojemno\u015b\u0107 180 ml zapewnia oko\u0142o 30 godzin palenia<\/li>\n<li>Pojemnik z br\u0105zowego szk\u0142a oraz zakr\u0119tka z aluminium<\/li>\n<li>Knot zosta\u0142 wykonany z ekologicznej bawe\u0142ny oraz papierowej nitki, zapewniaj\u0105c czyste i r\u00f3wnomierne spalanie \u015bwiecy<\/li>\n<\/ul>\n<p>&nbsp;<\/p>","protected":false},"excerpt":{"rendered":"<p>R\u0119cznie robiona \u015bwieca o ciep\u0142ym, przyjemnym zapachu, przypominaj\u0105cym promienie zachodz\u0105cego s\u0142o\u0144ca na twarzy podczas wieczornego latania na \u017caglu.<\/p>","protected":false},"featured_media":0,"comment_status":"closed","ping_status":"closed","template":"","meta":{"site-sidebar-layout":"default","site-content-layout":"","ast-site-content-layout":"default","site-content-style":"default","site-sidebar-style":"default","ast-global-header-display":"","ast-banner-title-visibility":"","ast-main-header-display":"","ast-hfb-above-header-display":"","ast-hfb-below-header-display":"","ast-hfb-mobile-header-display":"","site-post-title":"","ast-breadcrumbs-content":"","ast-featured-img":"","footer-sml-layout":"","theme-transparent-header-meta":"default","adv-header-id-meta":"","stick-header-meta":"","header-above-stick-meta":"","header-main-stick-meta":"","header-below-stick-meta":"","astra-migrate-meta-layouts":"set","ast-page-background-enabled":"default","ast-page-background-meta":{"desktop":{"background-color":"var(--ast-global-color-4)","background-image":"","background-repeat":"repeat","background-position":"center center","background-size":"auto","background-attachment":"scroll","background-type":"","background-media":"","overlay-type":"","overlay-color":"","overlay-opacity":"","overlay-gradient":""},"tablet":{"background-color":"","background-image":"","background-repeat":"repeat","background-position":"center center","background-size":"auto","background-attachment":"scroll","background-type":"","background-media":"","overlay-type":"","overlay-color":"","overlay-opacity":"","overlay-gradient":""},"mobile":{"background-color":"","background-image":"","background-repeat":"repeat","background-position":"center center","background-size":"auto","background-attachment":"scroll","background-type":"","background-media":"","overlay-type":"","overlay-color":"","overlay-opacity":"","overlay-gradient":""}},"ast-content-background-meta":{"desktop":{"background-color":"var(--ast-global-color-5)","background-image":"","background-repeat":"repeat","background-position":"center center","background-size":"auto","background-attachment":"scroll","background-type":"","background-media":"","overlay-type":"","overlay-color":"","overlay-opacity":"","overlay-gradient":""},"tablet":{"background-color":"var(--ast-global-color-5)","background-image":"","background-repeat":"repeat","background-position":"center center","background-size":"auto","background-attachment":"scroll","background-type":"","background-media":"","overlay-type":"","overlay-color":"","overlay-opacity":"","overlay-gradient":""},"mobile":{"background-color":"var(--ast-global-color-5)","background-image":"","background-repeat":"repeat","background-position":"center center","background-size":"auto","background-attachment":"scroll","background-type":"","background-media":"","overlay-type":"","overlay-color":"","overlay-opacity":"","overlay-gradient":""}}},"product_brand":[],"product_cat":[40],"product_tag":[],"class_list":{"0":"post-2117","1":"product","2":"type-product","3":"status-publish","5":"product_cat-swiece","6":"desktop-align-left","7":"tablet-align-left","8":"mobile-align-left","10":"first","11":"instock","12":"shipping-taxable","13":"purchasable","14":"product-type-simple"},"jetpack_sharing_enabled":true,"_links":{"self":[{"href":"https:\/\/paraglidingcorner.com\/en\/wp-json\/wp\/v2\/product\/2117","targetHints":{"allow":["GET"]}}],"collection":[{"href":"https:\/\/paraglidingcorner.com\/en\/wp-json\/wp\/v2\/product"}],"about":[{"href":"https:\/\/paraglidingcorner.com\/en\/wp-json\/wp\/v2\/types\/product"}],"replies":[{"embeddable":true,"href":"https:\/\/paraglidingcorner.com\/en\/wp-json\/wp\/v2\/comments?post=2117"}],"wp:attachment":[{"href":"https:\/\/paraglidingcorner.com\/en\/wp-json\/wp\/v2\/media?parent=2117"}],"wp:term":[{"taxonomy":"product_brand","embeddable":true,"href":"https:\/\/paraglidingcorner.com\/en\/wp-json\/wp\/v2\/product_brand?post=2117"},{"taxonomy":"product_cat","embeddable":true,"href":"https:\/\/paraglidingcorner.com\/en\/wp-json\/wp\/v2\/product_cat?post=2117"},{"taxonomy":"product_tag","embeddable":true,"href":"https:\/\/paraglidingcorner.com\/en\/wp-json\/wp\/v2\/product_tag?post=2117"}],"curies":[{"name":"wp","href":"https:\/\/api.w.org\/{rel}","templated":true}]}}