{"id":2116,"date":"2025-11-30T15:21:55","date_gmt":"2025-11-30T14:21:55","guid":{"rendered":"https:\/\/paraglidingcorner.com\/?post_type=product&#038;p=2116"},"modified":"2025-11-30T15:49:39","modified_gmt":"2025-11-30T14:49:39","slug":"swieca-sojowa-ladowanie-w-drzewach","status":"publish","type":"product","link":"https:\/\/paraglidingcorner.com\/en\/product\/swieca-sojowa-ladowanie-w-drzewach\/","title":{"rendered":"L\u0105dowanie w drzewach"},"content":{"rendered":"<p>\u015awieca stworzona dla pilot\u00f3w, kt\u00f3rzy cho\u0107 raz zako\u0144czyli sw\u00f3j lot w niekontrolowany spos\u00f3b, a jednocze\u015bnie pami\u0119taj\u0105, \u017ce ka\u017cde l\u0105dowanie, z kt\u00f3rego wracaj\u0105 z u\u015bmiechem, jest udane \u2013 nawet je\u015bli wymaga\u0142o drabiny.<\/p>\n<p>&nbsp;<\/p>\n<ul>\n<li>Kompozycja zapachowa \u0142\u0105czy w sobie nut\u0119 suchego drewna, g\u0142\u0119bi\u0119 mchu d\u0119bowego oraz subteln\u0105 \u015bwie\u017co\u015b\u0107 bia\u0142ych kwiat\u00f3w.<\/li>\n<li>\u015awieca wykonana r\u0119cznie w Polsce, z ekologicznego wosku sojowego<\/li>\n<li>Pojemno\u015b\u0107 180 ml zapewnia oko\u0142o 30 godzin palenia<\/li>\n<li>Pojemnik z br\u0105zowego szk\u0142a oraz zakr\u0119tka z aluminium<\/li>\n<li>Knot zosta\u0142 wykonany z ekologicznej bawe\u0142ny oraz papierowej nitki, zapewniaj\u0105c czyste i r\u00f3wnomierne spalanie \u015bwiecy<\/li>\n<\/ul>\n<p>&nbsp;<\/p>","protected":false},"excerpt":{"rendered":"<p>R\u0119cznie robiona \u015bwieca o zapachu drewna, mchu, bia\u0142ych kwiat\u00f3w oraz lekko zranionego ego.<\/p>","protected":false},"featured_media":0,"comment_status":"closed","ping_status":"closed","template":"","meta":{"site-sidebar-layout":"default","site-content-layout":"","ast-site-content-layout":"default","site-content-style":"default","site-sidebar-style":"default","ast-global-header-display":"","ast-banner-title-visibility":"","ast-main-header-display":"","ast-hfb-above-header-display":"","ast-hfb-below-header-display":"","ast-hfb-mobile-header-display":"","site-post-title":"","ast-breadcrumbs-content":"","ast-featured-img":"","footer-sml-layout":"","theme-transparent-header-meta":"default","adv-header-id-meta":"","stick-header-meta":"","header-above-stick-meta":"","header-main-stick-meta":"","header-below-stick-meta":"","astra-migrate-meta-layouts":"set","ast-page-background-enabled":"default","ast-page-background-meta":{"desktop":{"background-color":"var(--ast-global-color-4)","background-image":"","background-repeat":"repeat","background-position":"center center","background-size":"auto","background-attachment":"scroll","background-type":"","background-media":"","overlay-type":"","overlay-color":"","overlay-opacity":"","overlay-gradient":""},"tablet":{"background-color":"","background-image":"","background-repeat":"repeat","background-position":"center center","background-size":"auto","background-attachment":"scroll","background-type":"","background-media":"","overlay-type":"","overlay-color":"","overlay-opacity":"","overlay-gradient":""},"mobile":{"background-color":"","background-image":"","background-repeat":"repeat","background-position":"center center","background-size":"auto","background-attachment":"scroll","background-type":"","background-media":"","overlay-type":"","overlay-color":"","overlay-opacity":"","overlay-gradient":""}},"ast-content-background-meta":{"desktop":{"background-color":"var(--ast-global-color-5)","background-image":"","background-repeat":"repeat","background-position":"center center","background-size":"auto","background-attachment":"scroll","background-type":"","background-media":"","overlay-type":"","overlay-color":"","overlay-opacity":"","overlay-gradient":""},"tablet":{"background-color":"var(--ast-global-color-5)","background-image":"","background-repeat":"repeat","background-position":"center center","background-size":"auto","background-attachment":"scroll","background-type":"","background-media":"","overlay-type":"","overlay-color":"","overlay-opacity":"","overlay-gradient":""},"mobile":{"background-color":"var(--ast-global-color-5)","background-image":"","background-repeat":"repeat","background-position":"center center","background-size":"auto","background-attachment":"scroll","background-type":"","background-media":"","overlay-type":"","overlay-color":"","overlay-opacity":"","overlay-gradient":""}}},"product_brand":[],"product_cat":[40],"product_tag":[],"class_list":{"0":"post-2116","1":"product","2":"type-product","3":"status-publish","5":"product_cat-swiece","6":"desktop-align-left","7":"tablet-align-left","8":"mobile-align-left","10":"first","11":"instock","12":"shipping-taxable","13":"purchasable","14":"product-type-simple"},"jetpack_sharing_enabled":true,"_links":{"self":[{"href":"https:\/\/paraglidingcorner.com\/en\/wp-json\/wp\/v2\/product\/2116","targetHints":{"allow":["GET"]}}],"collection":[{"href":"https:\/\/paraglidingcorner.com\/en\/wp-json\/wp\/v2\/product"}],"about":[{"href":"https:\/\/paraglidingcorner.com\/en\/wp-json\/wp\/v2\/types\/product"}],"replies":[{"embeddable":true,"href":"https:\/\/paraglidingcorner.com\/en\/wp-json\/wp\/v2\/comments?post=2116"}],"wp:attachment":[{"href":"https:\/\/paraglidingcorner.com\/en\/wp-json\/wp\/v2\/media?parent=2116"}],"wp:term":[{"taxonomy":"product_brand","embeddable":true,"href":"https:\/\/paraglidingcorner.com\/en\/wp-json\/wp\/v2\/product_brand?post=2116"},{"taxonomy":"product_cat","embeddable":true,"href":"https:\/\/paraglidingcorner.com\/en\/wp-json\/wp\/v2\/product_cat?post=2116"},{"taxonomy":"product_tag","embeddable":true,"href":"https:\/\/paraglidingcorner.com\/en\/wp-json\/wp\/v2\/product_tag?post=2116"}],"curies":[{"name":"wp","href":"https:\/\/api.w.org\/{rel}","templated":true}]}}