{"id":2044,"date":"2025-11-25T13:24:41","date_gmt":"2025-11-25T12:24:41","guid":{"rendered":"https:\/\/paraglidingcorner.com\/?page_id=2044"},"modified":"2025-11-27T09:40:56","modified_gmt":"2025-11-27T08:40:56","slug":"polityka-prywatnosci","status":"publish","type":"page","link":"https:\/\/paraglidingcorner.com\/en\/polityka-prywatnosci\/","title":{"rendered":"Polityka prywatno\u015bci"},"content":{"rendered":"<div data-elementor-type=\"wp-page\" data-elementor-id=\"2044\" class=\"elementor elementor-2044\">\n\t\t\t\t<div class=\"elementor-element elementor-element-1c6224 e-flex e-con-boxed e-con e-parent\" data-id=\"1c6224\" data-element_type=\"container\" data-settings=\"{&quot;background_background&quot;:&quot;classic&quot;}\">\n\t\t\t\t\t<div class=\"e-con-inner\">\n\t\t<div class=\"elementor-element elementor-element-240f9acf e-con-full e-flex e-con e-child\" data-id=\"240f9acf\" data-element_type=\"container\">\n\t\t\t\t<div class=\"elementor-element elementor-element-227d48cc elementor-widget elementor-widget-heading\" data-id=\"227d48cc\" data-element_type=\"widget\" data-widget_type=\"heading.default\">\n\t\t\t\t<div class=\"elementor-widget-container\">\n\t\t\t\t\t<h1 class=\"elementor-heading-title elementor-size-default\">Polityka prywatno\u015bci<\/h1>\t\t\t\t<\/div>\n\t\t\t\t<\/div>\n\t\t\t\t<\/div>\n\t\t\t\t\t<\/div>\n\t\t\t\t<\/div>\n\t\t<div class=\"elementor-element elementor-element-ebb61b0 e-flex e-con-boxed e-con e-parent\" data-id=\"ebb61b0\" data-element_type=\"container\">\n\t\t\t\t\t<div class=\"e-con-inner\">\n\t\t\t\t<div class=\"elementor-element elementor-element-64b1539 elementor-widget elementor-widget-spacer\" data-id=\"64b1539\" data-element_type=\"widget\" data-widget_type=\"spacer.default\">\n\t\t\t\t<div class=\"elementor-widget-container\">\n\t\t\t\t\t\t\t<div class=\"elementor-spacer\">\n\t\t\t<div class=\"elementor-spacer-inner\"><\/div>\n\t\t<\/div>\n\t\t\t\t\t\t<\/div>\n\t\t\t\t<\/div>\n\t\t\t\t<div class=\"elementor-element elementor-element-e0476ab elementor-widget elementor-widget-text-editor\" data-id=\"e0476ab\" data-element_type=\"widget\" data-widget_type=\"text-editor.default\">\n\t\t\t\t<div class=\"elementor-widget-container\">\n\t\t\t\t\t\t\t\t\t<p><b>1. Informacje og\u00f3lne<\/b><\/p>\n<p>Administratorem danych osobowych jest:<br>Mariusz Wi\u015bniowski IT extreme,<br>ul. Wandy 68\/52, 43-600 Jaworzno<br>NIP: 6321821666<br>e-mail: hello@paraglidingcorner.com<\/p>\n<p>Polityka dotyczy danych podawanych dobrowolnie przez u\u017cytkownik\u00f3w sklepu oraz danych technicznych zbieranych automatycznie.<\/p>\n<p><br><\/p>\n<p><\/p>\n<p><b>2. Zakres przetwarzanych danych<\/b><\/p>\n<p>Przetwarzamy dane:<\/p>\n<p>a) podczas zakup\u00f3w<\/p>\n<p>imi\u0119 i nazwisko<\/p>\n<p>adres dostawy<\/p>\n<p>adres e-mail<\/p>\n<p>numer telefonu (je\u015bli podany)<\/p>\n<p>dane do faktury<\/p>\n<p>informacje o zam\u00f3wieniu<\/p>\n<p>b) podczas korzystania z p\u0142atno\u015bci iMoje<\/p>\n<p>ING Bank \u015al\u0105ski S.A. mo\u017ce przetwarza\u0107:<\/p>\n<p>imi\u0119 i nazwisko<\/p>\n<p>numer rachunku<\/p>\n<p>dane transakcyjne<\/p>\n<p>adres IP<\/p>\n<p>c) dane techniczne (automatycznie)<\/p>\n<p>adres IP<\/p>\n<p>identyfikator urz\u0105dzenia<\/p>\n<p>logi serwera<\/p>\n<p>pliki cookies<\/p>\n<p><br><\/p>\n<p><\/p>\n<p><b>3. Cel i podstawy prawne<\/b><\/p>\n<p>Dane przetwarzamy w celu:<\/p>\n<p>Realizacji zam\u00f3wienia \u2013 art. 6 ust. 1 lit. b RODO<\/p>\n<p>Obs\u0142ugi p\u0142atno\u015bci (iMoje) \u2013 art. 6 ust. 1 lit. b oraz f RODO<\/p>\n<p>Marketingu i analityki (cookies) \u2013 art. 6 ust. 1 lit. a RODO<\/p>\n<p>Wystawiania faktur i prowadzenia ksi\u0119gowo\u015bci \u2013 art. 6 ust. 1 lit. c RODO<\/p>\n<p>Odpowiedzi na wiadomo\u015bci i reklamacje \u2013 art. 6 ust. 1 lit. b oraz f RODO<\/p>\n<p><br><\/p>\n<p><\/p>\n<p><b>4. Udost\u0119pnianie danych<\/b><\/p>\n<p>Dane mog\u0105 zosta\u0107 przekazane:<\/p>\n<p>iMoje \u2013 ING Bank \u015al\u0105ski S.A. (operator p\u0142atno\u015bci)<\/p>\n<p>firmom kurierskim<\/p>\n<p>firmie hostingowej<\/p>\n<p>biuru ksi\u0119gowemu<\/p>\n<p>systemowi e-mail<\/p>\n<p><span style=\"font-style: inherit; font-weight: inherit;\">\u017badne dane nie s\u0105 sprzedawane podmiotom trzecim.<\/span><\/p>\n<p><span style=\"font-style: inherit; font-weight: inherit;\">&nbsp;<\/span><\/p>\n<p><b>5. Czas przetwarzania<\/b><\/p>\n<p>dane zam\u00f3wie\u0144 \u2013 6 lat (wymogi podatkowe)<\/p>\n<p>dane marketingowe (cookies) \u2013 do momentu wycofania zgody<\/p>\n<p>korespondencja \u2013 12 miesi\u0119cy<\/p>\n<p><br><\/p>\n<p><\/p>\n<p><b>6. Prawa u\u017cytkownika<\/b><\/p>\n<p>U\u017cytkownik ma prawo:<\/p>\n<p>dost\u0119pu do danych<\/p>\n<p>sprostowania<\/p>\n<p>usuni\u0119cia (\u201eprawo do bycia zapomnianym\u201d)<\/p>\n<p>ograniczenia przetwarzania<\/p>\n<p>przenoszenia danych<\/p>\n<p>wniesienia sprzeciwu<\/p>\n<p>cofni\u0119cia zgody<\/p>\n<p>wniesienia skargi zwi\u0105zanej z przetwarzaniem danych osobowych do organu nadzorczego (Prezes Urz\u0119du Ochrony Danych Osobowych).<\/p>\n<p>Kontakt: hello@paraglidingcorner.com<\/p>\n<p><br><\/p>\n<p><\/p>\n<p><b>7. Cookies<\/b><\/p>\n<p><br><\/p>\n<p>Administrator wykorzystuje pliki cookies (ciasteczka), czyli niewielkie informacje tekstowe,&nbsp;<span style=\"font-style: inherit; font-weight: inherit;\">przechowywane na urz\u0105dzeniu ko\u0144cowym U\u017cytkownika (np. komputerze, tablecie, smartfonie).&nbsp;<\/span><span style=\"font-style: inherit; font-weight: inherit;\">Cookies mog\u0105 by\u0107 odczytywane przez system teleinformatyczny Administratora.<\/span><\/p>\n<p>Administrator przechowuje pliki cookies na urz\u0105dzeniu ko\u0144cowym U\u017cytkownika, a nast\u0119pnie&nbsp;<span style=\"font-style: inherit; font-weight: inherit;\">uzyskuje dost\u0119p do informacji w nich zawartych w celach:<\/span><\/p>\n<p><br><\/p>\n<p style=\"font-size: 17px; font-style: normal; font-weight: 400;\">&#8211; zapami\u0119tywania koszyka<\/p>\n<p style=\"font-size: 17px; font-style: normal; font-weight: 400;\">&#8211; analityki ruchu<\/p>\n<p style=\"font-size: 17px; font-style: normal; font-weight: 400;\">&#8211; poprawy dzia\u0142ania sklepu<\/p>\n<p style=\"font-size: 17px; font-style: normal; font-weight: 400;\"><br><\/p>\n<p>Istnieje mo\u017cliwo\u015b\u0107 takiej konfiguracji przegl\u0105darki internetowej przez U\u017cytkownika, kt\u00f3ra&nbsp;<span style=\"font-style: inherit; font-weight: inherit;\">uniemo\u017cliwia przechowywanie plik\u00f3w cookies na urz\u0105dzeniu ko\u0144cowym. Jednak, w takiej sytuacji,&nbsp;<\/span><span style=\"font-style: inherit; font-weight: inherit;\">korzystanie ze strony internetowej przez U\u017cytkownika mo\u017ce by\u0107 utrudnione.<\/span><\/p>\n<p>Pliki cookies mog\u0105 by\u0107 przez U\u017cytkownika usuni\u0119te po ich zapisaniu poprzez odpowiednie funkcje p<span style=\"font-style: inherit; font-weight: inherit;\">rzegl\u0105darki internetowej, programy s\u0142u\u017c\u0105ce w tym celu lub skorzystanie z odpowiednich narz\u0119dzi&nbsp;<\/span><span style=\"font-style: inherit; font-weight: inherit;\">dost\u0119pnych w ramach systemu operacyjnego, z kt\u00f3rego korzysta U\u017cytkownik.<\/span><\/p>\n<p><br><\/p><p><b>8. Profilowanie danych osobowych<\/b><\/p><p><br><\/p><p>Administrator mo\u017ce wykorzystywa\u0107 pliki cookies oraz dane dotycz\u0105ce aktywno\u015bci u\u017cytkownika na stronie do cel\u00f3w analitycznych, statystycznych i marketingowych, co mo\u017ce prowadzi\u0107 do tzw. profilowania.<\/p><p><br><\/p><p>Profilowanie polega na automatycznej analizie zachowania u\u017cytkownika na stronie (np. wy\u015bwietlane produkty, klikni\u0119cia, historia zakup\u00f3w), co umo\u017cliwia:<\/p><p><br><\/p><p>&#8211; wy\u015bwietlanie tre\u015bci dopasowanych do zainteresowa\u0144 u\u017cytkownika,<\/p><p>&#8211; prezentowanie spersonalizowanych ofert lub rekomendacji produkt\u00f3w,<\/p><p>&#8211; korzystanie z narz\u0119dzi reklamowych takich jak Meta Ads lub Google Ads.<\/p><p><br>Profilowanie nie wywo\u0142uje skutk\u00f3w prawnych wobec u\u017cytkownika, w szczeg\u00f3lno\u015bci:<\/p><p>&#8211;&nbsp;<span style=\"font-style: inherit; font-weight: inherit;\">nie wp\u0142ywa na dost\u0119p do us\u0142ug,<\/span><\/p><p>&#8211;&nbsp;<span style=\"font-style: inherit; font-weight: inherit;\">nie ogranicza mo\u017cliwo\u015bci korzystania ze sklepu,<\/span><\/p><p>&#8211;&nbsp;<span style=\"font-style: inherit; font-weight: inherit;\">nie prowadzi do odmowy zakupu lub automatycznego podejmowania decyzji maj\u0105cej wp\u0142yw na sytuacj\u0119 u\u017cytkownika.<\/span><\/p><p><br><\/p><p>Podstaw\u0105 prawn\u0105 profilowania jest:<\/p><p>&#8211; zgoda u\u017cytkownika na cookies marketingowe (art. 6 ust. 1 lit. a RODO),<\/p><p><span style=\"font-style: inherit; font-weight: inherit;\">&#8211; prawnie uzasadniony interes administratora polegaj\u0105cy na analizie ruchu i marketingu w\u0142asnych produkt\u00f3w (art. 6 ust. 1 lit. f RODO).<\/span><\/p><p><br><\/p><p><b style=\"font-style: inherit;\">8. P\u0142atno\u015bci iMoje \u2013 informacje wymagane przez ING<\/b><\/p>\n<p>W przypadku wyboru p\u0142atno\u015bci iMoje, administratorem danych w zakresie obs\u0142ugi p\u0142atno\u015bci jest ING Bank \u015al\u0105ski S.A.<\/p>\n<p>Dane mog\u0105 by\u0107 udost\u0119pnione ING w celu:<\/p>\n<p>&#8211; weryfikacji transakcji<\/p>\n<p>&#8211; realizacji p\u0142atno\u015bci<\/p>\n<p>&#8211; wykrywania nadu\u017cy\u0107<\/p>\n<p>W przypadku p\u0142atno\u015bci kart\u0105, danymi zarz\u0105dza ING we wsp\u00f3\u0142pracy z operatorami kart.<\/p>\n<p><br><\/p>\n<p><\/p>\n<p><b>9. Bezpiecze\u0144stwo danych<\/b><\/p>\n<p>Administrator stosuje odpowiednie \u015brodki techniczne i organizacyjne zapewniaj\u0105ce bezpiecze\u0144stwo danych, w tym szyfrowanie po\u0142\u0105cze\u0144 (SSL).<\/p>\n<p><br><\/p>\n<p><\/p>\n<p><b>10. Postanowienia ko\u0144cowe<\/b><\/p>\n<p>Polityka mo\u017ce by\u0107 aktualizowana. Nowa wersja jest publikowana na stronie sklepu.<\/p>\t\t\t\t\t\t\t\t<\/div>\n\t\t\t\t<\/div>\n\t\t\t\t\t<\/div>\n\t\t\t\t<\/div>\n\t\t<div class=\"elementor-element elementor-element-05d6b08 e-flex e-con-boxed e-con e-parent\" data-id=\"05d6b08\" data-element_type=\"container\">\n\t\t\t\t\t<div class=\"e-con-inner\">\n\t\t\t\t<div class=\"elementor-element elementor-element-7eac105 elementor-widget elementor-widget-spacer\" data-id=\"7eac105\" data-element_type=\"widget\" data-widget_type=\"spacer.default\">\n\t\t\t\t<div class=\"elementor-widget-container\">\n\t\t\t\t\t\t\t<div class=\"elementor-spacer\">\n\t\t\t<div class=\"elementor-spacer-inner\"><\/div>\n\t\t<\/div>\n\t\t\t\t\t\t<\/div>\n\t\t\t\t<\/div>\n\t\t\t\t\t<\/div>\n\t\t\t\t<\/div>\n\t\t\t\t<\/div>","protected":false},"excerpt":{"rendered":"<p>Polityka prywatno\u015bci 1. Informacje og\u00f3lne Administratorem danych osobowych jest:Mariusz Wi\u015bniowski IT extreme,ul. Wandy 68\/52, 43-600 JaworznoNIP: 6321821666e-mail: hello@paraglidingcorner.com Polityka dotyczy danych podawanych dobrowolnie przez u\u017cytkownik\u00f3w sklepu oraz danych technicznych zbieranych automatycznie. 2. Zakres przetwarzanych danych Przetwarzamy dane: a) podczas zakup\u00f3w imi\u0119 i nazwisko adres dostawy adres e-mail numer telefonu (je\u015bli podany) dane do faktury informacje [&hellip;]<\/p>","protected":false},"author":1,"featured_media":0,"parent":0,"menu_order":0,"comment_status":"closed","ping_status":"closed","template":"","meta":{"site-sidebar-layout":"no-sidebar","site-content-layout":"page-builder","ast-site-content-layout":"full-width-container","site-content-style":"default","site-sidebar-style":"default","ast-global-header-display":"","ast-banner-title-visibility":"","ast-main-header-display":"","ast-hfb-above-header-display":"","ast-hfb-below-header-display":"","ast-hfb-mobile-header-display":"","site-post-title":"disabled","ast-breadcrumbs-content":"","ast-featured-img":"disabled","footer-sml-layout":"","theme-transparent-header-meta":"","adv-header-id-meta":"","stick-header-meta":"","header-above-stick-meta":"","header-main-stick-meta":"","header-below-stick-meta":"","astra-migrate-meta-layouts":"set","ast-page-background-enabled":"default","ast-page-background-meta":{"desktop":{"background-color":"var(--ast-global-color-4)","background-image":"","background-repeat":"repeat","background-position":"center center","background-size":"auto","background-attachment":"scroll","background-type":"","background-media":"","overlay-type":"","overlay-color":"","overlay-opacity":"","overlay-gradient":""},"tablet":{"background-color":"","background-image":"","background-repeat":"repeat","background-position":"center center","background-size":"auto","background-attachment":"scroll","background-type":"","background-media":"","overlay-type":"","overlay-color":"","overlay-opacity":"","overlay-gradient":""},"mobile":{"background-color":"","background-image":"","background-repeat":"repeat","background-position":"center center","background-size":"auto","background-attachment":"scroll","background-type":"","background-media":"","overlay-type":"","overlay-color":"","overlay-opacity":"","overlay-gradient":""}},"ast-content-background-meta":{"desktop":{"background-color":"var(--ast-global-color-5)","background-image":"","background-repeat":"repeat","background-position":"center center","background-size":"auto","background-attachment":"scroll","background-type":"","background-media":"","overlay-type":"","overlay-color":"","overlay-opacity":"","overlay-gradient":""},"tablet":{"background-color":"var(--ast-global-color-5)","background-image":"","background-repeat":"repeat","background-position":"center center","background-size":"auto","background-attachment":"scroll","background-type":"","background-media":"","overlay-type":"","overlay-color":"","overlay-opacity":"","overlay-gradient":""},"mobile":{"background-color":"var(--ast-global-color-5)","background-image":"","background-repeat":"repeat","background-position":"center center","background-size":"auto","background-attachment":"scroll","background-type":"","background-media":"","overlay-type":"","overlay-color":"","overlay-opacity":"","overlay-gradient":""}},"footnotes":""},"class_list":["post-2044","page","type-page","status-publish","hentry"],"jetpack_sharing_enabled":true,"_links":{"self":[{"href":"https:\/\/paraglidingcorner.com\/en\/wp-json\/wp\/v2\/pages\/2044","targetHints":{"allow":["GET"]}}],"collection":[{"href":"https:\/\/paraglidingcorner.com\/en\/wp-json\/wp\/v2\/pages"}],"about":[{"href":"https:\/\/paraglidingcorner.com\/en\/wp-json\/wp\/v2\/types\/page"}],"author":[{"embeddable":true,"href":"https:\/\/paraglidingcorner.com\/en\/wp-json\/wp\/v2\/users\/1"}],"replies":[{"embeddable":true,"href":"https:\/\/paraglidingcorner.com\/en\/wp-json\/wp\/v2\/comments?post=2044"}],"version-history":[{"count":13,"href":"https:\/\/paraglidingcorner.com\/en\/wp-json\/wp\/v2\/pages\/2044\/revisions"}],"predecessor-version":[{"id":2112,"href":"https:\/\/paraglidingcorner.com\/en\/wp-json\/wp\/v2\/pages\/2044\/revisions\/2112"}],"wp:attachment":[{"href":"https:\/\/paraglidingcorner.com\/en\/wp-json\/wp\/v2\/media?parent=2044"}],"curies":[{"name":"wp","href":"https:\/\/api.w.org\/{rel}","templated":true}]}}